{"id":9390,"date":"2025-01-14T18:51:10","date_gmt":"2025-01-14T17:51:10","guid":{"rendered":"https:\/\/dietistamariachiaraspinelli.com\/?page_id=9390"},"modified":"2025-09-17T16:45:09","modified_gmt":"2025-09-17T14:45:09","slug":"consulenze-e-supervisioni-nutrizionali-anti-diet-e-non-prescrittive","status":"publish","type":"page","link":"https:\/\/dietistamariachiaraspinelli.com\/index.php\/consulenze-e-supervisioni-nutrizionali-anti-diet-e-non-prescrittive\/","title":{"rendered":"Consulenze e Supervisioni Nutrizionali Anti-Diet e Non Prescrittive"},"content":{"rendered":"<figure class=\"wp-block-image aligncenter size-large is-resized\"><img fetchpriority=\"high\" decoding=\"async\" width=\"1024\" height=\"683\" src=\"https:\/\/dietistamariachiaraspinelli.com\/wp-content\/uploads\/2025\/01\/fotoMary_GIO-120-di-214-2-1024x683.jpg\" alt=\"\" class=\"wp-image-9391\" style=\"width:600px\" srcset=\"https:\/\/dietistamariachiaraspinelli.com\/wp-content\/uploads\/2025\/01\/fotoMary_GIO-120-di-214-2-1024x683.jpg 1024w, https:\/\/dietistamariachiaraspinelli.com\/wp-content\/uploads\/2025\/01\/fotoMary_GIO-120-di-214-2-300x200.jpg 300w, https:\/\/dietistamariachiaraspinelli.com\/wp-content\/uploads\/2025\/01\/fotoMary_GIO-120-di-214-2-768x512.jpg 768w, https:\/\/dietistamariachiaraspinelli.com\/wp-content\/uploads\/2025\/01\/fotoMary_GIO-120-di-214-2-1536x1024.jpg 1536w, https:\/\/dietistamariachiaraspinelli.com\/wp-content\/uploads\/2025\/01\/fotoMary_GIO-120-di-214-2-2048x1365.jpg 2048w, https:\/\/dietistamariachiaraspinelli.com\/wp-content\/uploads\/2025\/01\/fotoMary_GIO-120-di-214-2-600x400.jpg 600w\" sizes=\"(max-width: 1024px) 100vw, 1024px\" \/><\/figure><p>Se stai cercando un supporto nutrizionale che rispetti il tuo corpo, la tua storia e le tue esigenze individuali, sei nel posto giusto. Come dietista esperta in disturbi alimentari, neurodivergenze e approcci anti-diet, offro consulenze e supervisioni personalizzate per aiutarti a intraprendere un percorso di benessere nutrizionale che rispetti la tua salute e il tuo equilibrio psicofisico.<\/p><p>Le mie consulenze e supervisioni si rivolgono a chi desidera affrontare la relazione con il cibo in modo inclusivo, rispettoso e senza pressione per perdere peso. Ogni incontro \u00e8 pensato per offrire un supporto pratico, empatico e basato su evidenze scientifiche, lontano dalle logiche restrittive e stigmatizzanti legate alla cultura della dieta.<\/p><h3 class=\"wp-block-heading\"><strong>Le Aree di Supporto<\/strong><\/h3><p>Offro consulenze e supervisioni su diversi ambiti, tra cui:<\/p><h4 class=\"wp-block-heading\"><strong>1. Riabilitazione Nutrizionale da Disturbi e Disagi del Comportamento Alimentare (DCA)<\/strong> in prospettiva neutra nei confronti del peso e non prescrittiva (AIPS, HAES) <\/h4><p>Mi occupo di percorsi di riabilitazione nutrizionale per chi sta vivendo disturbi o disagi legati al comportamento alimentare da anni, sono formata in modo avanzato sia nell&#8217; ambito dei disturbi alimentari che in quello degli approcci inclusivi al peso e alla salute (Health at Every size). <br>Effettuo supervisioni su casi clinici specifici per professionist\u018f dell&#8217; area nutrizionale (dietist\u018f, nutrizionist\u018f) <br>Effettuo consulenze su come poter integrare la prospettiva non prescrittiva e neutra nei confronti del peso alla propria pratica clinica o a percorsi secifici sia per professionis\u018f dell&#8217; area nutrizionale, che dell&#8217;area medica e psicologica (psicolog\u018f, psicoterapeut\u018f, TERP). <\/p><h4 class=\"wp-block-heading\"><strong>2. Alimentazione e Neurodivergenze (con o senza DCA)<\/strong><\/h4><p>Sono esperta nella gestione dell&#8217; alimentazione con persone neurodivergenti, (autismo, ADHD) per aiutare a sviluppare strategie alimentari che rispettino le necessit\u00e0 uniche legate alla neurodivergenza. <br>Offro supervisioni e consulenze per supportare i professionist\u018f con la componente alimentare con pazient\u018f neurodivergent\u018f, sia che si tratti di collegh\u018f dietist\u018f e nutrizionist\u018f c sentono il bisogno di supporto per lavorare con le neurodivergenze sia che si tratti di supportare altr\u018f professionist\u018f (medic\u018f, picolog\u018f, psicoterapet\u018f, terp, altr\u018f professionist\u018f sanitar\u018f) con l&#8217; alimentazione (ad esempio con selettivit\u00e0 alimentare, disturbi alimentari e comportamenti alimentari disturbati, ARFID, difficolt\u00e0 con consistenze, organizzazione, abbuffate, craving e impulsivit\u00e0 verso l&#8217;alimentazione). <br><\/p><h4 class=\"wp-block-heading\"><strong>3. Approcci Nutrizionali Anti-Diet, Inclusivi e Neutri nei Confronti del Peso<\/strong><\/h4><p>Il mio approccio anti-diet promuove una nutrizione senza giudizio del peso corporeo. Non crediamo nelle soluzioni rapide o nelle restrizioni alimentari, ma nella libert\u00e0 di scegliere ci\u00f2 che \u00e8 meglio per il proprio corpo senza il peso della cultura della dieta. Le consulenze sono orientate a sviluppare una relazione positiva con il cibo, con l\u2019obiettivo di migliorare il benessere senza focalizzarsi sul dimagrimento.<\/p><h4 class=\"wp-block-heading\"><strong>4. Inizio o Viraggio della Professione Nutrizionale con una Prospettiva Anti-Diet<\/strong><\/h4><p>Se sei un professionista della nutrizione o se desideri intraprendere la professione di dietista, posso supportarti nell&#8217;iniziare o nel virare la tua pratica professionale verso un approccio anti-diet. <br>Ti guider\u00f2 nell\u2019adottare modelli nutrizionali basati sulla consapevolezza, sul rispetto del corpo e sulla salute olistica, lontano dalle diete e dalle prescrizioni normative.<\/p><h4 class=\"wp-block-heading\"><strong>5. Supporto nella Strutturazione e nello Sviluppo di Tesi di Laurea su Tematiche Nutrizionali e Sociologiche<\/strong><\/h4><p>Offro consulenze per studenti che desiderano sviluppare tesi di laurea incentrate su temi legati ai disturbi alimentari, allo stigma del peso, alla grassofobia, alla cultura della dieta, agli approcci anti-diet, ai principi dell&#8217; <em>Health at Every Size<\/em> (HAES) e <em>Intuitive Eating<\/em>. <br>Posso supportarti nella ricerca della letteratura scientifica, nella strutturazione del lavoro e nella creazione di strumenti di raccolta dati come questionari e sondaggi. <br>Inoltre, offro un\u2019analisi dei dati raccolti per arricchire la tua ricerca e darne un valore aggiunto.<\/p><h3 class=\"wp-block-heading\"><strong>Cosa Aspettarsi dalle Consulenze e Supervisioni<\/strong><\/h3><p>Ogni consulenza ha una durata di <strong>60 minuti<\/strong> e viene svolta in modalit\u00e0 online, per garantirti la massima flessibilit\u00e0. <br>Durante il colloquio, lavoreremo insieme per esplorare le tue esigenze, le tue sfide e le tue aspettative, con un approccio pratico e senza giudizio. <\/p><h4 class=\"wp-block-heading\"><strong>Cosa Troverai nelle Consulenze:<\/strong><\/h4><ul class=\"wp-block-list\"><li>Un ambiente sicuro e accogliente, basato sul supporto e libero dal giudizio.<\/li>\n\n<li>Supporto pratico.<\/li>\n\n<li>Strumenti per sviluppare una relazione positiva con il cibo, senza ricorrere a diete, restrizioni o colpevolizzazioni.<\/li>\n\n<li>Orientamenti basati su evidenze scientifiche riguardo l\u2019alimentazione inclusiva, neurodivergenza e disturbi alimentari.<\/li>\n\n<li>Supporto nel percorso di ricerca e sviluppo di progetti accademici su tematiche correlate ai disturbi alimentari e alla cultura della dieta.<\/li><\/ul><h3 class=\"wp-block-heading\"><strong>Dettagli delle Consulenze<\/strong><\/h3><ul class=\"wp-block-list\"><li><strong>Durata<\/strong>: 60 minuti per sessione.<\/li>\n\n<li><strong>Prezzo<\/strong>: 50\u20ac per ogni incontro.<\/li>\n\n<li><strong>Modalit\u00e0<\/strong>: Online (su piattaforma video conferenza).<\/li>\n\n<li><strong>Disponibilit\u00e0<\/strong>: Per il momento, sono disponibile per una decina di sessioni al mese. Scrivimi per verificare la disponibilit\u00e0 e prenotare il tuo appuntamento.<\/li><\/ul><h3 class=\"wp-block-heading\"><strong>Prenota la Tua Consulenza o Supervisione<\/strong><\/h3><p>Se sei interessato a intraprendere un percorso nutrizionale basato sull\u2019approccio anti-diet e inclusivo, o se hai bisogno di supporto per la tua ricerca accademica, non esitare a contattarmi. Insieme possiamo lavorare per creare una relazione sana con il cibo, migliorare il tuo benessere emotivo e raggiungere i tuoi obiettivi senza stress n\u00e9 restrizioni.<\/p><p><a href=\"https:\/\/calendar.app.google\/6Y2v2i6YyWxwNC2Y7\" title=\"\"><strong>Contattami ora<\/strong> per prenotare la tua consulenza!<\/a><\/p><hr class=\"wp-block-separator has-alpha-channel-opacity\"\/><!-- Google Calendar Appointment Scheduling begin -->\n<iframe src=\"https:\/\/calendar.google.com\/calendar\/appointments\/schedules\/AcZssZ35FBL-2yrpuCtSPQpSARVvMIIVGx3BirDiJ1_fVisKhIDneQRs-38m7T0SfSTLxFVbnxjh6lHH?gv=true\" style=\"border: 0\" width=\"100%\" height=\"600\" frameborder=\"0\"><\/iframe>\n<!-- end Google Calendar Appointment Scheduling --><p><\/p>","protected":false},"excerpt":{"rendered":"<p>Se stai cercando un supporto nutrizionale che rispetti il tuo corpo, la tua storia e le tue esigenze individuali, sei nel posto giusto. Come dietista esperta in disturbi alimentari, neurodivergenze e approcci anti-diet, offro consulenze e supervisioni personalizzate per aiutarti a intraprendere un percorso di benessere nutrizionale che rispetti la tua salute e il tuo [&hellip;]<\/p>\n","protected":false},"author":1,"featured_media":0,"parent":0,"menu_order":0,"comment_status":"closed","ping_status":"closed","template":"","meta":{"om_disable_all_campaigns":false,"_uag_custom_page_level_css":"","_monsterinsights_skip_tracking":false,"_monsterinsights_sitenote_active":false,"_monsterinsights_sitenote_note":"","_monsterinsights_sitenote_category":0,"site-sidebar-layout":"default","site-content-layout":"","ast-site-content-layout":"default","site-content-style":"default","site-sidebar-style":"default","ast-global-header-display":"","ast-banner-title-visibility":"","ast-main-header-display":"","ast-hfb-above-header-display":"","ast-hfb-below-header-display":"","ast-hfb-mobile-header-display":"","site-post-title":"","ast-breadcrumbs-content":"","ast-featured-img":"","footer-sml-layout":"","theme-transparent-header-meta":"","adv-header-id-meta":"","stick-header-meta":"","header-above-stick-meta":"","header-main-stick-meta":"","header-below-stick-meta":"","astra-migrate-meta-layouts":"set","ast-page-background-enabled":"default","ast-page-background-meta":{"desktop":{"background-color":"var(--ast-global-color-4)","background-image":"","background-repeat":"repeat","background-position":"center center","background-size":"auto","background-attachment":"scroll","background-type":"","background-media":"","overlay-type":"","overlay-color":"","overlay-opacity":"","overlay-gradient":""},"tablet":{"background-color":"","background-image":"","background-repeat":"repeat","background-position":"center center","background-size":"auto","background-attachment":"scroll","background-type":"","background-media":"","overlay-type":"","overlay-color":"","overlay-opacity":"","overlay-gradient":""},"mobile":{"background-color":"","background-image":"","background-repeat":"repeat","background-position":"center center","background-size":"auto","background-attachment":"scroll","background-type":"","background-media":"","overlay-type":"","overlay-color":"","overlay-opacity":"","overlay-gradient":""}},"ast-content-background-meta":{"desktop":{"background-color":"var(--ast-global-color-5)","background-image":"","background-repeat":"repeat","background-position":"center center","background-size":"auto","background-attachment":"scroll","background-type":"","background-media":"","overlay-type":"","overlay-color":"","overlay-opacity":"","overlay-gradient":""},"tablet":{"background-color":"var(--ast-global-color-5)","background-image":"","background-repeat":"repeat","background-position":"center center","background-size":"auto","background-attachment":"scroll","background-type":"","background-media":"","overlay-type":"","overlay-color":"","overlay-opacity":"","overlay-gradient":""},"mobile":{"background-color":"var(--ast-global-color-5)","background-image":"","background-repeat":"repeat","background-position":"center center","background-size":"auto","background-attachment":"scroll","background-type":"","background-media":"","overlay-type":"","overlay-color":"","overlay-opacity":"","overlay-gradient":""}},"footnotes":""},"class_list":["post-9390","page","type-page","status-publish","hentry"],"aioseo_notices":[],"uagb_featured_image_src":{"full":false,"thumbnail":false,"medium":false,"medium_large":false,"large":false,"1536x1536":false,"2048x2048":false,"woocommerce_thumbnail":false,"woocommerce_single":false,"woocommerce_gallery_thumbnail":false},"uagb_author_info":{"display_name":"Maria Chiara Spinelli, dietista","author_link":"https:\/\/dietistamariachiaraspinelli.com\/index.php\/author\/chiara-spi96gmail-com\/"},"uagb_comment_info":0,"uagb_excerpt":"Se stai cercando un supporto nutrizionale che rispetti il tuo corpo, la tua storia e le tue esigenze individuali, sei nel posto giusto. Come dietista esperta in disturbi alimentari, neurodivergenze e approcci anti-diet, offro consulenze e supervisioni personalizzate per aiutarti a intraprendere un percorso di benessere nutrizionale che rispetti la tua salute e il tuo&hellip;","_links":{"self":[{"href":"https:\/\/dietistamariachiaraspinelli.com\/index.php\/wp-json\/wp\/v2\/pages\/9390"}],"collection":[{"href":"https:\/\/dietistamariachiaraspinelli.com\/index.php\/wp-json\/wp\/v2\/pages"}],"about":[{"href":"https:\/\/dietistamariachiaraspinelli.com\/index.php\/wp-json\/wp\/v2\/types\/page"}],"author":[{"embeddable":true,"href":"https:\/\/dietistamariachiaraspinelli.com\/index.php\/wp-json\/wp\/v2\/users\/1"}],"replies":[{"embeddable":true,"href":"https:\/\/dietistamariachiaraspinelli.com\/index.php\/wp-json\/wp\/v2\/comments?post=9390"}],"version-history":[{"count":2,"href":"https:\/\/dietistamariachiaraspinelli.com\/index.php\/wp-json\/wp\/v2\/pages\/9390\/revisions"}],"predecessor-version":[{"id":9404,"href":"https:\/\/dietistamariachiaraspinelli.com\/index.php\/wp-json\/wp\/v2\/pages\/9390\/revisions\/9404"}],"wp:attachment":[{"href":"https:\/\/dietistamariachiaraspinelli.com\/index.php\/wp-json\/wp\/v2\/media?parent=9390"}],"curies":[{"name":"wp","href":"https:\/\/api.w.org\/{rel}","templated":true}]}}