{"id":9307,"date":"2024-09-05T11:26:08","date_gmt":"2024-09-05T09:26:08","guid":{"rendered":"https:\/\/dietistamariachiaraspinelli.com\/?page_id=9307"},"modified":"2025-01-12T18:35:13","modified_gmt":"2025-01-12T17:35:13","slug":"percorso-di-gruppo-alimentazione-intuitiva-e-consapevole-per-professionisti","status":"publish","type":"page","link":"https:\/\/dietistamariachiaraspinelli.com\/index.php\/percorso-di-gruppo-alimentazione-intuitiva-e-consapevole-per-professionisti\/","title":{"rendered":"Percorso di gruppo &#8220;Alimentazione intuitiva e consapevole&#8221; per professionist*"},"content":{"rendered":"<figure class=\"wp-block-image aligncenter size-large is-resized\"><img fetchpriority=\"high\" decoding=\"async\" width=\"1024\" height=\"1024\" src=\"https:\/\/dietistamariachiaraspinelli.com\/wp-content\/uploads\/2024\/09\/1-1024x1024.png\" alt=\"\" class=\"wp-image-9311\" style=\"width:600px\" srcset=\"https:\/\/dietistamariachiaraspinelli.com\/wp-content\/uploads\/2024\/09\/1-1024x1024.png 1024w, https:\/\/dietistamariachiaraspinelli.com\/wp-content\/uploads\/2024\/09\/1-300x300.png 300w, https:\/\/dietistamariachiaraspinelli.com\/wp-content\/uploads\/2024\/09\/1-150x150.png 150w, https:\/\/dietistamariachiaraspinelli.com\/wp-content\/uploads\/2024\/09\/1-768x768.png 768w, https:\/\/dietistamariachiaraspinelli.com\/wp-content\/uploads\/2024\/09\/1-600x600.png 600w, https:\/\/dietistamariachiaraspinelli.com\/wp-content\/uploads\/2024\/09\/1-100x100.png 100w, https:\/\/dietistamariachiaraspinelli.com\/wp-content\/uploads\/2024\/09\/1.png 1080w\" sizes=\"(max-width: 1024px) 100vw, 1024px\" \/><\/figure><p class=\"has-text-align-center\"><strong>Di cosa di tratta?<\/strong><\/p><p>&#8220;Alimentazione intuitiva e consapevole&#8221; \u00e8 un percorso di 8 incontri di gruppo rivolto nello specifico a soli professionisti sanitari (nutri, psy e medici) per avvicinarsi, capire ed interiorizzare i principi dell\u2019 intuitive eating su di s\u00e8, per poi poter valutare se proporli e utilizzare nella pratica professionale.<\/p><p>La possibilit\u00e0 di fare questo tipo di percorso in gruppo sar\u00e0 un&#8217; enorme ricchezza per ciascuno dei partecipanti perch\u00e8 sar\u00e0 occasione di condivisione, ascolto e accoglienza di tanti punti di vista diversi.<\/p><p><strong>Quali temi andremo a trattare?<\/strong><\/p><p>Faremo un percorso basato sull&#8217; Intuitive eating, metodo ideato dalla dietiste americane Evelyn Tribole e Elyse Resh, avvalorato da numerosi studi scientifici al punto da esser considerato attualmente evidence based medicine. <br>Nel dettaglio parleremo di : <\/p><p>&#8211; cos&#8217;\u00e8 la cultura della dieta e come la sperimentiamo nella vita di tutti i giorni<\/p><p>&#8211; siamo in grado di fidarci e rispondere in modo adeguato ai segnali di fame e saziet\u00e0? Come possiamo (ri) connetterci.<\/p><p>&#8211; quali regole alimentari sperimento, mi sono davvero utili? Come far pace col cibo<\/p><p>&#8211; Come onorare il nostro corpo, come farlo anche attraverso il movimento<\/p><p>&#8211; Le emozioni condizionano come mangiamo? Come mangiamo condiziona le nostre emozioni?<\/p><p>&#8211; Come prendersi cura della salute e abbracciare un&#8217; educazione alimentare gentile.<\/p><p><strong>A chi \u00e8 rivolto?<\/strong><\/p><p>A professionist* sanitari, in particolare dietist*, nutrizionist*, psicolog*, psicoterapeut*, medic* e studenti di queste discipline che sono interessati ad approfondire i temi legati all&#8217; intuitive eating e agli approcci incluivi al peso e alla salute iniziando a provarli prima nella loro esperienza individuale. <\/p><p>Pu\u00f2 essere un&#8217; occasione per persone che svolgono queste professioni per osservare e lavorare sul proprio rapporto con peso, cibo e corpo. <\/p><p>Pu\u00f2 essere un modo per avvicinarsi a questi approcci e alla messa in discussione del modo tradizionale con cui ci si confronta con il comportamneto alimentare. <\/p><p><strong>Quanto costa?<\/strong><\/p><p>il costo del percorso \u00e8 di 300\u20ac<\/p><p><strong>Chi conduce gli incontri?<\/strong><\/p><p>Io! Mi chiamo <a href=\"https:\/\/dietistamariachiaraspinelli.com\/index.php\/chi-sono\/\" target=\"_blank\" rel=\"noopener\" title=\"chi sono\">Maria Chiara Spinelli<\/a>, sono dietista e nutrizionista.<br>Lavoro un po&#8217; in giro in Toscana oltre ad avere un ambulatorio anche online.<br>Sono esperta e specializzata nel riabilitazione dai disturbi del comportamento alimentare e nell&#8217; alimentazione nelle neurodivergenze.<br>Sono formata in intuitive eating e mindful eating.<\/p><p><\/p><h4 class=\"wp-block-heading\">Quando sar\u00e0 la prossima edizione? <\/h4><p>La prossima edizione inizier\u00e0 ad aprile 2025! <br>Gli incontri dureranno 90 minuti <\/p><p><\/p><p class=\"has-text-align-center\">cosa stai aspettando? <\/p><div class=\"wp-block-uagb-buttons uagb-buttons__outer-wrap uagb-btn__default-btn uagb-btn-tablet__default-btn uagb-btn-mobile__default-btn uagb-block-031fb7aa\"><div class=\"uagb-buttons__wrap uagb-buttons-layout-wrap\"><div class=\"wp-block-uagb-buttons-child uagb-buttons__outer-wrap uagb-block-233455b2 wp-block-button\"><div class=\"uagb-button__wrapper\"><a class=\"uagb-buttons-repeater wp-block-button__link\" href=\"https:\/\/forms.gle\/MntsL24TGmYEerMUA\" onclick=\"return true;\" rel=\"follow noopener\" target=\"_blank\"><div class=\"uagb-button__link\">Iscriviti!<\/div><\/a><\/div><\/div><\/div><\/div>","protected":false},"excerpt":{"rendered":"<p>Di cosa di tratta? &#8220;Alimentazione intuitiva e consapevole&#8221; \u00e8 un percorso di 8 incontri di gruppo rivolto nello specifico a soli professionisti sanitari (nutri, psy e medici) per avvicinarsi, capire ed interiorizzare i principi dell\u2019 intuitive eating su di s\u00e8, per poi poter valutare se proporli e utilizzare nella pratica professionale. La possibilit\u00e0 di fare [&hellip;]<\/p>\n","protected":false},"author":1,"featured_media":0,"parent":0,"menu_order":0,"comment_status":"closed","ping_status":"closed","template":"","meta":{"om_disable_all_campaigns":false,"_uag_custom_page_level_css":"","_monsterinsights_skip_tracking":false,"_monsterinsights_sitenote_active":false,"_monsterinsights_sitenote_note":"","_monsterinsights_sitenote_category":0,"site-sidebar-layout":"default","site-content-layout":"","ast-site-content-layout":"default","site-content-style":"default","site-sidebar-style":"default","ast-global-header-display":"","ast-banner-title-visibility":"","ast-main-header-display":"","ast-hfb-above-header-display":"","ast-hfb-below-header-display":"","ast-hfb-mobile-header-display":"","site-post-title":"","ast-breadcrumbs-content":"","ast-featured-img":"","footer-sml-layout":"","theme-transparent-header-meta":"","adv-header-id-meta":"","stick-header-meta":"","header-above-stick-meta":"","header-main-stick-meta":"","header-below-stick-meta":"","astra-migrate-meta-layouts":"set","ast-page-background-enabled":"default","ast-page-background-meta":{"desktop":{"background-color":"var(--ast-global-color-4)","background-image":"","background-repeat":"repeat","background-position":"center center","background-size":"auto","background-attachment":"scroll","background-type":"","background-media":"","overlay-type":"","overlay-color":"","overlay-opacity":"","overlay-gradient":""},"tablet":{"background-color":"","background-image":"","background-repeat":"repeat","background-position":"center center","background-size":"auto","background-attachment":"scroll","background-type":"","background-media":"","overlay-type":"","overlay-color":"","overlay-opacity":"","overlay-gradient":""},"mobile":{"background-color":"","background-image":"","background-repeat":"repeat","background-position":"center center","background-size":"auto","background-attachment":"scroll","background-type":"","background-media":"","overlay-type":"","overlay-color":"","overlay-opacity":"","overlay-gradient":""}},"ast-content-background-meta":{"desktop":{"background-color":"var(--ast-global-color-5)","background-image":"","background-repeat":"repeat","background-position":"center center","background-size":"auto","background-attachment":"scroll","background-type":"","background-media":"","overlay-type":"","overlay-color":"","overlay-opacity":"","overlay-gradient":""},"tablet":{"background-color":"var(--ast-global-color-5)","background-image":"","background-repeat":"repeat","background-position":"center center","background-size":"auto","background-attachment":"scroll","background-type":"","background-media":"","overlay-type":"","overlay-color":"","overlay-opacity":"","overlay-gradient":""},"mobile":{"background-color":"var(--ast-global-color-5)","background-image":"","background-repeat":"repeat","background-position":"center center","background-size":"auto","background-attachment":"scroll","background-type":"","background-media":"","overlay-type":"","overlay-color":"","overlay-opacity":"","overlay-gradient":""}},"footnotes":""},"class_list":["post-9307","page","type-page","status-publish","hentry"],"aioseo_notices":[],"uagb_featured_image_src":{"full":false,"thumbnail":false,"medium":false,"medium_large":false,"large":false,"1536x1536":false,"2048x2048":false,"woocommerce_thumbnail":false,"woocommerce_single":false,"woocommerce_gallery_thumbnail":false},"uagb_author_info":{"display_name":"Maria Chiara Spinelli, dietista","author_link":"https:\/\/dietistamariachiaraspinelli.com\/index.php\/author\/chiara-spi96gmail-com\/"},"uagb_comment_info":0,"uagb_excerpt":"Di cosa di tratta? &#8220;Alimentazione intuitiva e consapevole&#8221; \u00e8 un percorso di 8 incontri di gruppo rivolto nello specifico a soli professionisti sanitari (nutri, psy e medici) per avvicinarsi, capire ed interiorizzare i principi dell\u2019 intuitive eating su di s\u00e8, per poi poter valutare se proporli e utilizzare nella pratica professionale. La possibilit\u00e0 di fare&hellip;","_links":{"self":[{"href":"https:\/\/dietistamariachiaraspinelli.com\/index.php\/wp-json\/wp\/v2\/pages\/9307"}],"collection":[{"href":"https:\/\/dietistamariachiaraspinelli.com\/index.php\/wp-json\/wp\/v2\/pages"}],"about":[{"href":"https:\/\/dietistamariachiaraspinelli.com\/index.php\/wp-json\/wp\/v2\/types\/page"}],"author":[{"embeddable":true,"href":"https:\/\/dietistamariachiaraspinelli.com\/index.php\/wp-json\/wp\/v2\/users\/1"}],"replies":[{"embeddable":true,"href":"https:\/\/dietistamariachiaraspinelli.com\/index.php\/wp-json\/wp\/v2\/comments?post=9307"}],"version-history":[{"count":4,"href":"https:\/\/dietistamariachiaraspinelli.com\/index.php\/wp-json\/wp\/v2\/pages\/9307\/revisions"}],"predecessor-version":[{"id":9360,"href":"https:\/\/dietistamariachiaraspinelli.com\/index.php\/wp-json\/wp\/v2\/pages\/9307\/revisions\/9360"}],"wp:attachment":[{"href":"https:\/\/dietistamariachiaraspinelli.com\/index.php\/wp-json\/wp\/v2\/media?parent=9307"}],"curies":[{"name":"wp","href":"https:\/\/api.w.org\/{rel}","templated":true}]}}