{"id":9266,"date":"2024-04-04T15:14:12","date_gmt":"2024-04-04T13:14:12","guid":{"rendered":"https:\/\/dietistamariachiaraspinelli.com\/?page_id=9266"},"modified":"2025-01-12T18:52:06","modified_gmt":"2025-01-12T17:52:06","slug":"come-lavoro","status":"publish","type":"page","link":"https:\/\/dietistamariachiaraspinelli.com\/index.php\/come-lavoro\/","title":{"rendered":"Come lavoro"},"content":{"rendered":"<p>Benvenut* nella pagina in cui ti spiego perch\u00e8 utilizzo un approccio Inclusivo al peso e alla salute. <br>Questo termine \u00e8 stato coniato all&#8217; interno del progetto &#8220;Malasalute&#8221; come per rendere in italiano ed ampliare i valori &#8220;Health at Every Size&#8221; .<\/p><p>Esploreremo le ragioni profonde che mi hanno spinto ad adottare questo punto di vista rispetto alla salute e il benessere. <br>Nel raccontarti perch\u00e8 sono arrivata a questa scelta cercher\u00f2 di ripercorrere il percorso che mi ha portato a questa scelta. <br>Esamineremo da vicino<strong> il fallimento della dieta tradizionale<\/strong>, i danni della <strong>grassofobia<\/strong>, l&#8217;<strong>importanza della salute mentale e sociale<\/strong> e il legame con il <strong>femminismo intersezionale<\/strong>.<\/p><div class=\"wp-block-uagb-container uagb-block-7ffba5cf alignfull uagb-is-root-container\"><div class=\"uagb-container-inner-blocks-wrap\"><div class=\"wp-block-uagb-container uagb-block-aba6c472\"><p><strong>le diete non funzionano &#8230;<\/strong><br>All&#8217; interno della cornice delle diete tradizionali, finalizzate alla modifica del peso corporeo, moltissime persone (io per prima, forse anche tu) hanno sperimentato il ciclo senza fine delle diete: <br>perdita di peso seguita dal recupero, frustrazione e senso di fallimento. <br>La ricerca scientifica gi\u00e0 da decenni ha messo in luce che questo modello non solo danneggia la salute fisica, ma anche quella mentale e sociale. <br>Le diete restrittive possono portare a disturbi e disordini alimentari, disturbi dell&#8217;umore e una relazione distorta con il cibo. <br>Inoltre, la ricerca scientifica dimostra che la maggior parte delle diete non produce risultati duraturi. <br><br>L&#8217; inefficacia della dieta ha portato a sviluppare un cambio di paradigma, provando ad pensare di cambiare l&#8217; obettivo dell&#8217; intervento nutrizionale.<\/p><\/div>\n\n<div class=\"wp-block-uagb-container uagb-block-0dbd13e4\"><figure class=\"wp-block-image size-full\"><img fetchpriority=\"high\" decoding=\"async\" width=\"940\" height=\"788\" src=\"https:\/\/dietistamariachiaraspinelli.com\/wp-content\/uploads\/2024\/04\/4.png\" alt=\"\" class=\"wp-image-9267\" srcset=\"https:\/\/dietistamariachiaraspinelli.com\/wp-content\/uploads\/2024\/04\/4.png 940w, https:\/\/dietistamariachiaraspinelli.com\/wp-content\/uploads\/2024\/04\/4-300x251.png 300w, https:\/\/dietistamariachiaraspinelli.com\/wp-content\/uploads\/2024\/04\/4-768x644.png 768w, https:\/\/dietistamariachiaraspinelli.com\/wp-content\/uploads\/2024\/04\/4-600x503.png 600w\" sizes=\"(max-width: 940px) 100vw, 940px\" \/><\/figure><\/div><\/div><\/div><div class=\"wp-block-uagb-container uagb-block-2801f27c alignfull uagb-is-root-container\"><div class=\"uagb-container-inner-blocks-wrap\"><div class=\"wp-block-uagb-container uagb-block-eee4e3a3\"><figure class=\"wp-block-image size-full\"><img decoding=\"async\" width=\"940\" height=\"788\" src=\"https:\/\/dietistamariachiaraspinelli.com\/wp-content\/uploads\/2024\/04\/5.png\" alt=\"\" class=\"wp-image-9268\" srcset=\"https:\/\/dietistamariachiaraspinelli.com\/wp-content\/uploads\/2024\/04\/5.png 940w, https:\/\/dietistamariachiaraspinelli.com\/wp-content\/uploads\/2024\/04\/5-300x251.png 300w, https:\/\/dietistamariachiaraspinelli.com\/wp-content\/uploads\/2024\/04\/5-768x644.png 768w, https:\/\/dietistamariachiaraspinelli.com\/wp-content\/uploads\/2024\/04\/5-600x503.png 600w\" sizes=\"(max-width: 940px) 100vw, 940px\" \/><\/figure><\/div>\n\n<div class=\"wp-block-uagb-container uagb-block-975cf335\"><p><strong>&#8230; lo stigma verso il peso e le persone grasse, la grassofobia <\/strong><br>Osservando le ricerche sull&#8217; efficacia della dieta ho incontrato un enorme quesito &#8220;\u00e8 davvero necessario modificare e manipolare il peso delle persone?&#8221; <br>Ho incontrato cos\u00ec gli studi sulla grassofobia o stigma verso il peso. <br>La <strong>grassofobia <\/strong>\u00e8 una forma di <strong>discriminazione basata sul peso che permea molte sfere della societ\u00e0<\/strong>. <br>Le persone grasse subiscono pregiudizi e discriminazioni sul posto di lavoro, nell&#8217;accesso alle cure mediche e persino nelle relazioni interpersonali. <br>Questo stigma pu\u00f2 avere gravi conseguenze sulla salute mentale e fisica delle persone. <br>I &#8220;fat studies&#8221; hanno osservato come le radici della grassofobia e quindi l&#8217; avversione verso i corpi grassi, nascono ben prima delle istanze di salute che al giorno d&#8217;oggi la giustificano. <br>\u00e8 opportuno osservare che la grassofobia abbia radici profondamente legate al razzismo e sessismo.<\/p><\/div><\/div><\/div><div class=\"wp-block-uagb-container uagb-block-67749701 alignfull uagb-is-root-container\"><div class=\"uagb-container-inner-blocks-wrap\"><div class=\"wp-block-uagb-container uagb-block-4f64afcf\"><p><strong>&#8230; la salute mentale e sociale (oltre quella fisica)<\/strong><br>Quando pensiamo alla salute spesso la componente fisica sovrasta le altre dimensioni (mentale e sociale). <br>Tuttavia la salute mentale e sociale sono componenti essenziali del benessere complessivo. <br>Come professionista penso sia necessario promuovere azioni che supportino tutte le componenti della salute. <br>Le pressioni sociali legate all&#8217;aspetto fisico e al peso possono causare ansia, depressione e bassa autostima. <br>L&#8217;adozione di un approccio compassionevole verso se stessi, indipendentemente dal peso, \u00e8 fondamentale per la salute mentale. <br>L&#8217;approccio &#8220;Health at Every Size&#8221; incoraggia la gentilezza verso il proprio corpo e la pratica dell&#8217;autocura senza giudizio.<\/p><\/div>\n\n<div class=\"wp-block-uagb-container uagb-block-6de09c5d\"><figure class=\"wp-block-image size-full\"><img decoding=\"async\" width=\"940\" height=\"788\" src=\"https:\/\/dietistamariachiaraspinelli.com\/wp-content\/uploads\/2024\/04\/6.png\" alt=\"\" class=\"wp-image-9269\" srcset=\"https:\/\/dietistamariachiaraspinelli.com\/wp-content\/uploads\/2024\/04\/6.png 940w, https:\/\/dietistamariachiaraspinelli.com\/wp-content\/uploads\/2024\/04\/6-300x251.png 300w, https:\/\/dietistamariachiaraspinelli.com\/wp-content\/uploads\/2024\/04\/6-768x644.png 768w, https:\/\/dietistamariachiaraspinelli.com\/wp-content\/uploads\/2024\/04\/6-600x503.png 600w\" sizes=\"(max-width: 940px) 100vw, 940px\" \/><\/figure><\/div><\/div><\/div><div class=\"wp-block-uagb-container uagb-block-cd35aa2e alignfull uagb-is-root-container\"><div class=\"uagb-container-inner-blocks-wrap\"><div class=\"wp-block-uagb-container uagb-block-7d3e301d\"><figure class=\"wp-block-image size-full\"><img loading=\"lazy\" decoding=\"async\" width=\"940\" height=\"788\" src=\"https:\/\/dietistamariachiaraspinelli.com\/wp-content\/uploads\/2024\/04\/7.png\" alt=\"\" class=\"wp-image-9270\" srcset=\"https:\/\/dietistamariachiaraspinelli.com\/wp-content\/uploads\/2024\/04\/7.png 940w, https:\/\/dietistamariachiaraspinelli.com\/wp-content\/uploads\/2024\/04\/7-300x251.png 300w, https:\/\/dietistamariachiaraspinelli.com\/wp-content\/uploads\/2024\/04\/7-768x644.png 768w, https:\/\/dietistamariachiaraspinelli.com\/wp-content\/uploads\/2024\/04\/7-600x503.png 600w\" sizes=\"(max-width: 940px) 100vw, 940px\" \/><\/figure><\/div>\n\n<div class=\"wp-block-uagb-container uagb-block-eab50b51\"><p><strong>&#8230; il femminismo intersezionale o trans-femminismo e la giustizia sociale<\/strong><br>All&#8217; interno del mio lavoro sono fondamentali i valori e le istanze legate al femminismo intersezionale.<br>Il <strong>femminismo intersezionale<\/strong> \u00e8 riconosce le molteplici forme di oppressione e privilegio che le persone, affrontano sulla base di genere, razza, classe sociale, orientamento sessuale, identit\u00e0 di genere, forma e taglia del corpo, e altro ancora. <br>Questo approccio si sforza di affrontare le disuguaglianze strutturali presenti nella societ\u00e0, ponendo l&#8217;accento sulla necessit\u00e0 di una lotta inclusiva per la giustizia sociale. <br>All&#8217;interno del contesto della cura, il femminismo intersezionale sottolinea l&#8217;importanza di considerare le intersezioni di oppressione che possono influenzare l&#8217;accesso ai servizi sanitari e il trattamento ricevuto. La discriminazione basata sul peso, ad esempio, pu\u00f2 aggravare le disparit\u00e0 gi\u00e0 esistenti, rendendo pi\u00f9 difficile per alcune persone ottenere cure adeguate e rispettose. <br>Pertanto, per me, \u00e8 fondamentale adottare un approccio intersezionale alla salute che tenga conto delle esperienze e delle necessit\u00e0 di tutti, tenendo in considerazionr attivamente le discriminazioni e i privilegi in tutte le loro forme e componenti.<\/p><\/div><\/div><\/div><p>In conclusione, ho scelto di adottare l&#8217;approccio Inclusivo verso il peso e la salute e &#8220;Health at Every Size&#8221; perch\u00e9 credo nella promozione della salute e del benessere in modo inclusivo e compassionevole. <br>Questo approccio abbraccia la diversit\u00e0 dei corpi e si oppone alla discriminazioni, in particolare quella basata sul peso.<\/p><p><\/p><p><style>\/*! elementor - v3.19.0 - 07-02-2024 *\/<br \/>\n.elementor-widget-image-carousel .swiper,.elementor-widget-image-carousel .swiper-container{position:static}.elementor-widget-image-carousel .swiper-container .swiper-slide figure,.elementor-widget-image-carousel .swiper .swiper-slide figure{line-height:inherit}.elementor-widget-image-carousel .swiper-slide{text-align:center}.elementor-image-carousel-wrapper:not(.swiper-container-initialized):not(.swiper-initialized) .swiper-slide{max-width:calc(100% \/ var(--e-image-carousel-slides-to-show, 3))}<\/style><\/p><figure class=\"wp-block-gallery has-nested-images columns-default is-cropped wp-block-gallery-1 is-layout-flex wp-block-gallery-is-layout-flex\"><figure class=\"wp-block-image size-large\"><img loading=\"lazy\" decoding=\"async\" width=\"940\" height=\"788\" data-id=\"9271\" src=\"https:\/\/dietistamariachiaraspinelli.com\/wp-content\/uploads\/2024\/04\/14.png\" alt=\"principi health at every size\" class=\"wp-image-9271\" srcset=\"https:\/\/dietistamariachiaraspinelli.com\/wp-content\/uploads\/2024\/04\/14.png 940w, https:\/\/dietistamariachiaraspinelli.com\/wp-content\/uploads\/2024\/04\/14-300x251.png 300w, https:\/\/dietistamariachiaraspinelli.com\/wp-content\/uploads\/2024\/04\/14-768x644.png 768w, https:\/\/dietistamariachiaraspinelli.com\/wp-content\/uploads\/2024\/04\/14-600x503.png 600w\" sizes=\"(max-width: 940px) 100vw, 940px\" \/><\/figure>\n\n<figure class=\"wp-block-image size-large\"><img loading=\"lazy\" decoding=\"async\" width=\"940\" height=\"788\" data-id=\"9272\" src=\"https:\/\/dietistamariachiaraspinelli.com\/wp-content\/uploads\/2024\/04\/15.png\" alt=\"\" class=\"wp-image-9272\" srcset=\"https:\/\/dietistamariachiaraspinelli.com\/wp-content\/uploads\/2024\/04\/15.png 940w, https:\/\/dietistamariachiaraspinelli.com\/wp-content\/uploads\/2024\/04\/15-300x251.png 300w, https:\/\/dietistamariachiaraspinelli.com\/wp-content\/uploads\/2024\/04\/15-768x644.png 768w, https:\/\/dietistamariachiaraspinelli.com\/wp-content\/uploads\/2024\/04\/15-600x503.png 600w\" sizes=\"(max-width: 940px) 100vw, 940px\" \/><\/figure>\n\n<figure class=\"wp-block-image size-large\"><img loading=\"lazy\" decoding=\"async\" width=\"940\" height=\"788\" data-id=\"9273\" src=\"https:\/\/dietistamariachiaraspinelli.com\/wp-content\/uploads\/2024\/04\/16.png\" alt=\"principi health at every size\" class=\"wp-image-9273\" srcset=\"https:\/\/dietistamariachiaraspinelli.com\/wp-content\/uploads\/2024\/04\/16.png 940w, https:\/\/dietistamariachiaraspinelli.com\/wp-content\/uploads\/2024\/04\/16-300x251.png 300w, https:\/\/dietistamariachiaraspinelli.com\/wp-content\/uploads\/2024\/04\/16-768x644.png 768w, https:\/\/dietistamariachiaraspinelli.com\/wp-content\/uploads\/2024\/04\/16-600x503.png 600w\" sizes=\"(max-width: 940px) 100vw, 940px\" \/><\/figure>\n\n<figure class=\"wp-block-image size-large\"><img loading=\"lazy\" decoding=\"async\" width=\"940\" height=\"788\" data-id=\"9274\" src=\"https:\/\/dietistamariachiaraspinelli.com\/wp-content\/uploads\/2024\/04\/17.png\" alt=\"\" class=\"wp-image-9274\" srcset=\"https:\/\/dietistamariachiaraspinelli.com\/wp-content\/uploads\/2024\/04\/17.png 940w, https:\/\/dietistamariachiaraspinelli.com\/wp-content\/uploads\/2024\/04\/17-300x251.png 300w, https:\/\/dietistamariachiaraspinelli.com\/wp-content\/uploads\/2024\/04\/17-768x644.png 768w, https:\/\/dietistamariachiaraspinelli.com\/wp-content\/uploads\/2024\/04\/17-600x503.png 600w\" sizes=\"(max-width: 940px) 100vw, 940px\" \/><\/figure>\n\n<figure class=\"wp-block-image size-large\"><img loading=\"lazy\" decoding=\"async\" width=\"940\" height=\"788\" data-id=\"9275\" src=\"https:\/\/dietistamariachiaraspinelli.com\/wp-content\/uploads\/2024\/04\/18.png\" alt=\"\" class=\"wp-image-9275\" srcset=\"https:\/\/dietistamariachiaraspinelli.com\/wp-content\/uploads\/2024\/04\/18.png 940w, https:\/\/dietistamariachiaraspinelli.com\/wp-content\/uploads\/2024\/04\/18-300x251.png 300w, https:\/\/dietistamariachiaraspinelli.com\/wp-content\/uploads\/2024\/04\/18-768x644.png 768w, https:\/\/dietistamariachiaraspinelli.com\/wp-content\/uploads\/2024\/04\/18-600x503.png 600w\" sizes=\"(max-width: 940px) 100vw, 940px\" \/><\/figure><\/figure><h3 class=\"wp-block-heading\">Quali strumenti utilizzo ?<\/h3><div class=\"wp-block-uagb-container uagb-block-38f01aee alignfull uagb-is-root-container\"><div class=\"uagb-container-inner-blocks-wrap\"><div class=\"wp-block-uagb-container uagb-block-df355ca5\"><figure class=\"wp-block-image size-full is-resized\"><img loading=\"lazy\" decoding=\"async\" width=\"940\" height=\"788\" src=\"https:\/\/dietistamariachiaraspinelli.com\/wp-content\/uploads\/2024\/04\/19.png\" alt=\"\" class=\"wp-image-9276\" style=\"width:489px;height:auto\" srcset=\"https:\/\/dietistamariachiaraspinelli.com\/wp-content\/uploads\/2024\/04\/19.png 940w, https:\/\/dietistamariachiaraspinelli.com\/wp-content\/uploads\/2024\/04\/19-300x251.png 300w, https:\/\/dietistamariachiaraspinelli.com\/wp-content\/uploads\/2024\/04\/19-768x644.png 768w, https:\/\/dietistamariachiaraspinelli.com\/wp-content\/uploads\/2024\/04\/19-600x503.png 600w\" sizes=\"(max-width: 940px) 100vw, 940px\" \/><\/figure><\/div>\n\n<div class=\"wp-block-uagb-container uagb-block-80f77399\"><figure class=\"wp-block-image size-full\"><img loading=\"lazy\" decoding=\"async\" width=\"940\" height=\"788\" src=\"http:\/\/dietistamariachiaraspinelli.com\/wp-content\/uploads\/2024\/04\/22.png\" alt=\"\" class=\"wp-image-9279\" srcset=\"https:\/\/dietistamariachiaraspinelli.com\/wp-content\/uploads\/2024\/04\/22.png 940w, https:\/\/dietistamariachiaraspinelli.com\/wp-content\/uploads\/2024\/04\/22-300x251.png 300w, https:\/\/dietistamariachiaraspinelli.com\/wp-content\/uploads\/2024\/04\/22-768x644.png 768w, https:\/\/dietistamariachiaraspinelli.com\/wp-content\/uploads\/2024\/04\/22-600x503.png 600w\" sizes=\"(max-width: 940px) 100vw, 940px\" \/><\/figure><\/div>\n\n<div class=\"wp-block-uagb-container uagb-block-b98f41a7\"><figure class=\"wp-block-image size-full\"><img loading=\"lazy\" decoding=\"async\" width=\"940\" height=\"788\" src=\"http:\/\/dietistamariachiaraspinelli.com\/wp-content\/uploads\/2024\/04\/21.png\" alt=\"\" class=\"wp-image-9278\" srcset=\"https:\/\/dietistamariachiaraspinelli.com\/wp-content\/uploads\/2024\/04\/21.png 940w, https:\/\/dietistamariachiaraspinelli.com\/wp-content\/uploads\/2024\/04\/21-300x251.png 300w, https:\/\/dietistamariachiaraspinelli.com\/wp-content\/uploads\/2024\/04\/21-768x644.png 768w, https:\/\/dietistamariachiaraspinelli.com\/wp-content\/uploads\/2024\/04\/21-600x503.png 600w\" sizes=\"(max-width: 940px) 100vw, 940px\" \/><\/figure><\/div>\n\n<div class=\"wp-block-uagb-container uagb-block-f1b213f6\"><figure class=\"wp-block-image size-full\"><img loading=\"lazy\" decoding=\"async\" width=\"940\" height=\"788\" src=\"http:\/\/dietistamariachiaraspinelli.com\/wp-content\/uploads\/2024\/04\/20.png\" alt=\"\" class=\"wp-image-9277\" srcset=\"https:\/\/dietistamariachiaraspinelli.com\/wp-content\/uploads\/2024\/04\/20.png 940w, https:\/\/dietistamariachiaraspinelli.com\/wp-content\/uploads\/2024\/04\/20-300x251.png 300w, https:\/\/dietistamariachiaraspinelli.com\/wp-content\/uploads\/2024\/04\/20-768x644.png 768w, https:\/\/dietistamariachiaraspinelli.com\/wp-content\/uploads\/2024\/04\/20-600x503.png 600w\" sizes=\"(max-width: 940px) 100vw, 940px\" \/><\/figure><\/div><\/div><\/div>","protected":false},"excerpt":{"rendered":"<p>Benvenut* nella pagina in cui ti spiego perch\u00e8 utilizzo un approccio Inclusivo al peso e alla salute. Questo termine \u00e8 stato coniato all&#8217; interno del progetto &#8220;Malasalute&#8221; come per rendere in italiano ed ampliare i valori &#8220;Health at Every Size&#8221; . Esploreremo le ragioni profonde che mi hanno spinto ad adottare questo punto di vista [&hellip;]<\/p>\n","protected":false},"author":1,"featured_media":0,"parent":0,"menu_order":0,"comment_status":"closed","ping_status":"closed","template":"","meta":{"om_disable_all_campaigns":false,"_uag_custom_page_level_css":"","_monsterinsights_skip_tracking":false,"_monsterinsights_sitenote_active":false,"_monsterinsights_sitenote_note":"","_monsterinsights_sitenote_category":0,"site-sidebar-layout":"default","site-content-layout":"","ast-site-content-layout":"default","site-content-style":"default","site-sidebar-style":"default","ast-global-header-display":"","ast-banner-title-visibility":"","ast-main-header-display":"","ast-hfb-above-header-display":"","ast-hfb-below-header-display":"","ast-hfb-mobile-header-display":"","site-post-title":"","ast-breadcrumbs-content":"","ast-featured-img":"","footer-sml-layout":"","theme-transparent-header-meta":"","adv-header-id-meta":"","stick-header-meta":"","header-above-stick-meta":"","header-main-stick-meta":"","header-below-stick-meta":"","astra-migrate-meta-layouts":"set","ast-page-background-enabled":"default","ast-page-background-meta":{"desktop":{"background-color":"var(--ast-global-color-4)","background-image":"","background-repeat":"repeat","background-position":"center center","background-size":"auto","background-attachment":"scroll","background-type":"","background-media":"","overlay-type":"","overlay-color":"","overlay-opacity":"","overlay-gradient":""},"tablet":{"background-color":"","background-image":"","background-repeat":"repeat","background-position":"center center","background-size":"auto","background-attachment":"scroll","background-type":"","background-media":"","overlay-type":"","overlay-color":"","overlay-opacity":"","overlay-gradient":""},"mobile":{"background-color":"","background-image":"","background-repeat":"repeat","background-position":"center center","background-size":"auto","background-attachment":"scroll","background-type":"","background-media":"","overlay-type":"","overlay-color":"","overlay-opacity":"","overlay-gradient":""}},"ast-content-background-meta":{"desktop":{"background-color":"var(--ast-global-color-5)","background-image":"","background-repeat":"repeat","background-position":"center center","background-size":"auto","background-attachment":"scroll","background-type":"","background-media":"","overlay-type":"","overlay-color":"","overlay-opacity":"","overlay-gradient":""},"tablet":{"background-color":"var(--ast-global-color-5)","background-image":"","background-repeat":"repeat","background-position":"center center","background-size":"auto","background-attachment":"scroll","background-type":"","background-media":"","overlay-type":"","overlay-color":"","overlay-opacity":"","overlay-gradient":""},"mobile":{"background-color":"var(--ast-global-color-5)","background-image":"","background-repeat":"repeat","background-position":"center center","background-size":"auto","background-attachment":"scroll","background-type":"","background-media":"","overlay-type":"","overlay-color":"","overlay-opacity":"","overlay-gradient":""}},"footnotes":""},"class_list":["post-9266","page","type-page","status-publish","hentry"],"aioseo_notices":[],"uagb_featured_image_src":{"full":false,"thumbnail":false,"medium":false,"medium_large":false,"large":false,"1536x1536":false,"2048x2048":false,"woocommerce_thumbnail":false,"woocommerce_single":false,"woocommerce_gallery_thumbnail":false},"uagb_author_info":{"display_name":"Maria Chiara Spinelli, dietista","author_link":"https:\/\/dietistamariachiaraspinelli.com\/index.php\/author\/chiara-spi96gmail-com\/"},"uagb_comment_info":0,"uagb_excerpt":"Benvenut* nella pagina in cui ti spiego perch\u00e8 utilizzo un approccio Inclusivo al peso e alla salute. Questo termine \u00e8 stato coniato all&#8217; interno del progetto &#8220;Malasalute&#8221; come per rendere in italiano ed ampliare i valori &#8220;Health at Every Size&#8221; . Esploreremo le ragioni profonde che mi hanno spinto ad adottare questo punto di vista&hellip;","_links":{"self":[{"href":"https:\/\/dietistamariachiaraspinelli.com\/index.php\/wp-json\/wp\/v2\/pages\/9266"}],"collection":[{"href":"https:\/\/dietistamariachiaraspinelli.com\/index.php\/wp-json\/wp\/v2\/pages"}],"about":[{"href":"https:\/\/dietistamariachiaraspinelli.com\/index.php\/wp-json\/wp\/v2\/types\/page"}],"author":[{"embeddable":true,"href":"https:\/\/dietistamariachiaraspinelli.com\/index.php\/wp-json\/wp\/v2\/users\/1"}],"replies":[{"embeddable":true,"href":"https:\/\/dietistamariachiaraspinelli.com\/index.php\/wp-json\/wp\/v2\/comments?post=9266"}],"version-history":[{"count":6,"href":"https:\/\/dietistamariachiaraspinelli.com\/index.php\/wp-json\/wp\/v2\/pages\/9266\/revisions"}],"predecessor-version":[{"id":9368,"href":"https:\/\/dietistamariachiaraspinelli.com\/index.php\/wp-json\/wp\/v2\/pages\/9266\/revisions\/9368"}],"wp:attachment":[{"href":"https:\/\/dietistamariachiaraspinelli.com\/index.php\/wp-json\/wp\/v2\/media?parent=9266"}],"curies":[{"name":"wp","href":"https:\/\/api.w.org\/{rel}","templated":true}]}}