{"id":9205,"date":"2023-11-07T11:26:56","date_gmt":"2023-11-07T10:26:56","guid":{"rendered":"https:\/\/dietistamariachiaraspinelli.com\/?page_id=9205"},"modified":"2025-02-13T09:56:42","modified_gmt":"2025-02-13T08:56:42","slug":"percorso-di-gruppo-alimentazione-intuitiva-e-consapevole","status":"publish","type":"page","link":"https:\/\/dietistamariachiaraspinelli.com\/index.php\/percorso-di-gruppo-alimentazione-intuitiva-e-consapevole\/","title":{"rendered":"percorso di gruppo  &#8220;Alimentazione Intuitiva e Consapevole  &#8220;"},"content":{"rendered":"<figure class=\"wp-block-image aligncenter size-large is-resized\"><img fetchpriority=\"high\" decoding=\"async\" width=\"1024\" height=\"1024\" src=\"https:\/\/dietistamariachiaraspinelli.com\/wp-content\/uploads\/2023\/11\/percorso-di-gruppo-ai-e-c-1-1024x1024.png\" alt=\"\" class=\"wp-image-9211\" style=\"width:600px\" srcset=\"https:\/\/dietistamariachiaraspinelli.com\/wp-content\/uploads\/2023\/11\/percorso-di-gruppo-ai-e-c-1-1024x1024.png 1024w, https:\/\/dietistamariachiaraspinelli.com\/wp-content\/uploads\/2023\/11\/percorso-di-gruppo-ai-e-c-1-300x300.png 300w, https:\/\/dietistamariachiaraspinelli.com\/wp-content\/uploads\/2023\/11\/percorso-di-gruppo-ai-e-c-1-150x150.png 150w, https:\/\/dietistamariachiaraspinelli.com\/wp-content\/uploads\/2023\/11\/percorso-di-gruppo-ai-e-c-1-768x768.png 768w, https:\/\/dietistamariachiaraspinelli.com\/wp-content\/uploads\/2023\/11\/percorso-di-gruppo-ai-e-c-1-600x600.png 600w, https:\/\/dietistamariachiaraspinelli.com\/wp-content\/uploads\/2023\/11\/percorso-di-gruppo-ai-e-c-1-100x100.png 100w, https:\/\/dietistamariachiaraspinelli.com\/wp-content\/uploads\/2023\/11\/percorso-di-gruppo-ai-e-c-1.png 1080w\" sizes=\"(max-width: 1024px) 100vw, 1024px\" \/><\/figure><div class=\"wp-block-buttons is-content-justification-center is-layout-flex wp-container-core-buttons-is-layout-1 wp-block-buttons-is-layout-flex\"><div class=\"wp-block-button\"><a class=\"wp-block-button__link wp-element-button\" href=\"https:\/\/mailchi.mp\/18f113145ec1\/iscrizio-percorso-di-gruppo\">Iscriviti alla lista d&#8217;attesa<\/a><\/div><\/div><p><\/p><p class=\"has-text-align-center\"><strong>Di cosa di tratta?<\/strong><\/p><p>Alimentazione intuitiva e consapevole \u00e8 un percorso di 6 incontri di gruppo in cui si toccheranno alcuni aspetti cardine del rapporto col cibo e col corpo.<\/p><p>La possibilit\u00e0 di fare questo tipo di percorso in gruppo sar\u00e0 un&#8217; enorme ricchezza per ciascuno dei partecipanti perch\u00e8 sar\u00e0 occasione di condivisione, ascolto e accoglienza di tanti punti di vista diversi.<\/p><p><\/p><p><strong>Quali temi andremo a trattare?<\/strong><\/p><p>&#8211; cos&#8217;\u00e8 la cultura della dieta e come la sperimentiamo nella vita di tutti i giorni<\/p><p>&#8211; siamo in grado di fidarci e rispondere in modo adeguato ai segnali di fame e saziet\u00e0? Come possiamo (ri) connetterci.<\/p><p>&#8211; quali regole alimentari sperimento, mi sono davvero utili? Come far pace col cibo<\/p><p>&#8211; Come onorare il nostro corpo, come farlo anche attraverso il movimento<\/p><p>&#8211; Le emozioni condizionano come mangiamo? Come mangiamo condiziona le nostre emozioni?<\/p><p>&#8211; Come prendersi cura della salute e abbracciare un&#8217; educazione alimentare gentile.<\/p><p><\/p><p><strong>A chi \u00e8 rivolto?<\/strong><\/p><p>A te se&nbsp; se senti di avere una relazione non completamente serena con il cibo e il corpo;<br>se stai&nbsp; cercando un modo nuovo e gentile per approcciarsi all&#8217; alimentazione, &nbsp;<br>Se sei incuriosit* dall&#8217; intuitive eating e ti potrebbe l&#8217;idea di iniziare ad approcciartici attraverso l&#8217; esperienza del gruppo,<br>se cerchi un primo approccio all&#8217; educazione alimentare<\/p><p><\/p><p><strong>Quanto costa?<\/strong><\/p><p>iscrivendoti alla lista d&#8217;attesa potrai accedere al costo scontato di 200\u20ac (equivalenti a 25\u20ac ad incontro), invece di 240\u20ac (pari a 30\u20ac ad incontro) <br>Non farti scappare qesta occasione, il prezzo \u00e8 piccolissimo !<\/p><p><strong>Chi conduce gli incontri?<\/strong><\/p><p>Io! Mi chiamo <a href=\"https:\/\/dietistamariachiaraspinelli.com\/index.php\/chi-sono\/\" target=\"_blank\" rel=\"noopener\" title=\"chi sono\">Maria Chiara Spinelli<\/a>, sono dietista e nutrizionista.<\/p><p>Lavoro un po&#8217; in giro in Toscana oltre ad avere un ambulatorio anche online.<\/p><p>Sono esperta e specializzata nel riabilitazione dai disturbi del comportamento alimentare e nell&#8217; alimentazione nelle neurodivergenze.<\/p><p>Sono formata in intuitive eating e mindful eating.<\/p><h4 class=\"wp-block-heading\">Quando sar\u00e0 la prossima edizione? <\/h4><p>La prossima edizione inizia <strong>a febbraio 2025<\/strong>! <br>con queste date e orari: <\/p><p>20 febbraio ore 20-21.30<\/p><p>6 marzo ore 19- 20.30<\/p><p>20 marzo ore 19- 20.30<\/p><p>3 aprile ore 19- 20.30<\/p><p>17 aprile ore 19- 20.30<\/p><p>9 maggio ore 19- 20.30<br><\/p><p><\/p><div class=\"wp-block-uagb-call-to-action uagb-block-532dc639 wp-block-button\"><div class=\"uagb-cta__wrap\"><h3 class=\"uagb-cta__title\">Vuoi partecipare? <\/h3><p class=\"uagb-cta__desc\">Iscriviti attraverso il modulo ti ri contatter\u00f2 nel giro di 2-3 giorni per darti informazioni pi\u00f9 dettagliate!<\/p><\/div><div class=\"uagb-cta__buttons\"><a href=\"https:\/\/docs.google.com\/forms\/d\/e\/1FAIpQLSf5KPj3huONhhKi4DEiTsvnyFR6BAzVal4CuKfDMeanLJ5eMw\/viewform?usp=dialog\" class=\"uagb-cta__button-link-wrapper wp-block-button__link\" target=\"_blank\" rel=\"noopener noreferrer\">Iscriviti!<svg xmlns=\"https:\/\/www.w3.org\/2000\/svg\" viewBox=\"0 0 512 512\"><path d=\"M504.3 273.6l-112.1 104c-6.992 6.484-17.18 8.218-25.94 4.406c-8.758-3.812-14.42-12.45-14.42-21.1L351.9 288H32C14.33 288 .0002 273.7 .0002 255.1S14.33 224 32 224h319.9l0-72c0-9.547 5.66-18.19 14.42-22c8.754-3.809 18.95-2.075 25.94 4.41l112.1 104C514.6 247.9 514.6 264.1 504.3 273.6z\"><\/path><\/svg><\/a><\/div><\/div><div class=\"wp-block-uagb-call-to-action uagb-block-f406b732 wp-block-button\"><div class=\"uagb-cta__wrap\"><h3 class=\"uagb-cta__title\">Per le prossime edizioni? <\/h3><p class=\"uagb-cta__desc\">Iscriviti alla lista d&#8217;attesa per essere avvertita in anteprima dell&#8217;inizio di nuovi percorsi e ricevere un piccolo sconto nel caso tu decida di partecipare al percorso di gruppo alimentazione intuitiva e consapevole<\/p><\/div><div class=\"uagb-cta__buttons\"><a href=\"https:\/\/mailchi.mp\/18f113145ec1\/iscrizio-percorso-di-gruppo\" class=\"uagb-cta__button-link-wrapper wp-block-button__link\" target=\"_blank\" rel=\"noopener noreferrer\">Per la lista d&#8217;attesa<svg xmlns=\"https:\/\/www.w3.org\/2000\/svg\" viewBox=\"0 0 512 512\"><path d=\"M504.3 273.6l-112.1 104c-6.992 6.484-17.18 8.218-25.94 4.406c-8.758-3.812-14.42-12.45-14.42-21.1L351.9 288H32C14.33 288 .0002 273.7 .0002 255.1S14.33 224 32 224h319.9l0-72c0-9.547 5.66-18.19 14.42-22c8.754-3.809 18.95-2.075 25.94 4.41l112.1 104C514.6 247.9 514.6 264.1 504.3 273.6z\"><\/path><\/svg><\/a><\/div><\/div><p><\/p>","protected":false},"excerpt":{"rendered":"<p>Di cosa di tratta? Alimentazione intuitiva e consapevole \u00e8 un percorso di 6 incontri di gruppo in cui si toccheranno alcuni aspetti cardine del rapporto col cibo e col corpo. La possibilit\u00e0 di fare questo tipo di percorso in gruppo sar\u00e0 un&#8217; enorme ricchezza per ciascuno dei partecipanti perch\u00e8 sar\u00e0 occasione di condivisione, ascolto e [&hellip;]<\/p>\n","protected":false},"author":1,"featured_media":0,"parent":0,"menu_order":0,"comment_status":"closed","ping_status":"closed","template":"","meta":{"om_disable_all_campaigns":false,"_uag_custom_page_level_css":"","_monsterinsights_skip_tracking":false,"_monsterinsights_sitenote_active":false,"_monsterinsights_sitenote_note":"","_monsterinsights_sitenote_category":0,"site-sidebar-layout":"default","site-content-layout":"","ast-site-content-layout":"default","site-content-style":"default","site-sidebar-style":"default","ast-global-header-display":"","ast-banner-title-visibility":"","ast-main-header-display":"","ast-hfb-above-header-display":"","ast-hfb-below-header-display":"","ast-hfb-mobile-header-display":"","site-post-title":"","ast-breadcrumbs-content":"","ast-featured-img":"","footer-sml-layout":"","theme-transparent-header-meta":"","adv-header-id-meta":"","stick-header-meta":"","header-above-stick-meta":"","header-main-stick-meta":"","header-below-stick-meta":"","astra-migrate-meta-layouts":"set","ast-page-background-enabled":"default","ast-page-background-meta":{"desktop":{"background-color":"var(--ast-global-color-4)","background-image":"","background-repeat":"repeat","background-position":"center center","background-size":"auto","background-attachment":"scroll","background-type":"","background-media":"","overlay-type":"","overlay-color":"","overlay-opacity":"","overlay-gradient":""},"tablet":{"background-color":"","background-image":"","background-repeat":"repeat","background-position":"center center","background-size":"auto","background-attachment":"scroll","background-type":"","background-media":"","overlay-type":"","overlay-color":"","overlay-opacity":"","overlay-gradient":""},"mobile":{"background-color":"","background-image":"","background-repeat":"repeat","background-position":"center center","background-size":"auto","background-attachment":"scroll","background-type":"","background-media":"","overlay-type":"","overlay-color":"","overlay-opacity":"","overlay-gradient":""}},"ast-content-background-meta":{"desktop":{"background-color":"var(--ast-global-color-5)","background-image":"","background-repeat":"repeat","background-position":"center center","background-size":"auto","background-attachment":"scroll","background-type":"","background-media":"","overlay-type":"","overlay-color":"","overlay-opacity":"","overlay-gradient":""},"tablet":{"background-color":"var(--ast-global-color-5)","background-image":"","background-repeat":"repeat","background-position":"center center","background-size":"auto","background-attachment":"scroll","background-type":"","background-media":"","overlay-type":"","overlay-color":"","overlay-opacity":"","overlay-gradient":""},"mobile":{"background-color":"var(--ast-global-color-5)","background-image":"","background-repeat":"repeat","background-position":"center center","background-size":"auto","background-attachment":"scroll","background-type":"","background-media":"","overlay-type":"","overlay-color":"","overlay-opacity":"","overlay-gradient":""}},"footnotes":""},"class_list":["post-9205","page","type-page","status-publish","hentry"],"aioseo_notices":[],"uagb_featured_image_src":{"full":false,"thumbnail":false,"medium":false,"medium_large":false,"large":false,"1536x1536":false,"2048x2048":false,"woocommerce_thumbnail":false,"woocommerce_single":false,"woocommerce_gallery_thumbnail":false},"uagb_author_info":{"display_name":"Maria Chiara Spinelli, dietista","author_link":"https:\/\/dietistamariachiaraspinelli.com\/index.php\/author\/chiara-spi96gmail-com\/"},"uagb_comment_info":0,"uagb_excerpt":"Di cosa di tratta? Alimentazione intuitiva e consapevole \u00e8 un percorso di 6 incontri di gruppo in cui si toccheranno alcuni aspetti cardine del rapporto col cibo e col corpo. La possibilit\u00e0 di fare questo tipo di percorso in gruppo sar\u00e0 un&#8217; enorme ricchezza per ciascuno dei partecipanti perch\u00e8 sar\u00e0 occasione di condivisione, ascolto e&hellip;","_links":{"self":[{"href":"https:\/\/dietistamariachiaraspinelli.com\/index.php\/wp-json\/wp\/v2\/pages\/9205"}],"collection":[{"href":"https:\/\/dietistamariachiaraspinelli.com\/index.php\/wp-json\/wp\/v2\/pages"}],"about":[{"href":"https:\/\/dietistamariachiaraspinelli.com\/index.php\/wp-json\/wp\/v2\/types\/page"}],"author":[{"embeddable":true,"href":"https:\/\/dietistamariachiaraspinelli.com\/index.php\/wp-json\/wp\/v2\/users\/1"}],"replies":[{"embeddable":true,"href":"https:\/\/dietistamariachiaraspinelli.com\/index.php\/wp-json\/wp\/v2\/comments?post=9205"}],"version-history":[{"count":8,"href":"https:\/\/dietistamariachiaraspinelli.com\/index.php\/wp-json\/wp\/v2\/pages\/9205\/revisions"}],"predecessor-version":[{"id":9402,"href":"https:\/\/dietistamariachiaraspinelli.com\/index.php\/wp-json\/wp\/v2\/pages\/9205\/revisions\/9402"}],"wp:attachment":[{"href":"https:\/\/dietistamariachiaraspinelli.com\/index.php\/wp-json\/wp\/v2\/media?parent=9205"}],"curies":[{"name":"wp","href":"https:\/\/api.w.org\/{rel}","templated":true}]}}