{"id":9173,"date":"2024-04-03T17:36:13","date_gmt":"2024-04-03T15:36:13","guid":{"rendered":"https:\/\/dietistamariachiaraspinelli.com\/?page_id=9173"},"modified":"2025-01-12T18:38:57","modified_gmt":"2025-01-12T17:38:57","slug":"domande-frequenti-sui-percorsi-nutrizionali","status":"publish","type":"page","link":"https:\/\/dietistamariachiaraspinelli.com\/index.php\/domande-frequenti-sui-percorsi-nutrizionali\/","title":{"rendered":"Domande frequenti sui percorsi nutrizionali"},"content":{"rendered":"<div class=\"wp-block-uagb-faq uagb-faq__outer-wrap uagb-block-016984ce uagb-faq-icon-row uagb-faq-layout-accordion uagb-faq-expand-first-true uagb-faq-inactive-other-true uagb-faq__wrap uagb-buttons-layout-wrap uagb-faq-equal-height     \" data-faqtoggle=\"true\" role=\"tablist\"><div class=\"wp-block-uagb-faq-child uagb-faq-child__outer-wrap uagb-faq-item uagb-block-085de5a2 \" role=\"tab\" tabindex=\"0\"><div class=\"uagb-faq-questions-button uagb-faq-questions\">\t\t\t<span class=\"uagb-icon uagb-faq-icon-wrap\">\n\t\t\t\t\t\t\t\t<svg xmlns=\"https:\/\/www.w3.org\/2000\/svg\" viewBox= \"0 0 448 512\"><path d=\"M432 256c0 17.69-14.33 32.01-32 32.01H256v144c0 17.69-14.33 31.99-32 31.99s-32-14.3-32-31.99v-144H48c-17.67 0-32-14.32-32-32.01s14.33-31.99 32-31.99H192v-144c0-17.69 14.33-32.01 32-32.01s32 14.32 32 32.01v144h144C417.7 224 432 238.3 432 256z\"><\/path><\/svg>\n\t\t\t\t\t\t\t<\/span>\n\t\t\t\t\t\t<span class=\"uagb-icon-active uagb-faq-icon-wrap\">\n\t\t\t\t\t\t\t\t<svg xmlns=\"https:\/\/www.w3.org\/2000\/svg\" viewBox= \"0 0 448 512\"><path d=\"M400 288h-352c-17.69 0-32-14.32-32-32.01s14.31-31.99 32-31.99h352c17.69 0 32 14.3 32 31.99S417.7 288 400 288z\"><\/path><\/svg>\n\t\t\t\t\t\t\t<\/span>\n\t\t\t<span class=\"uagb-question\"><strong>Come si svolge la prima visita ?<\/strong><\/span><\/div><div class=\"uagb-faq-content\"><p>La prima visita dietistica ha lo scopo di accogliere la persona, comprendere i motivi che l&#8217; hanno portata a richiedere una visita dietistica- nutrizionale e raccogliere tutte le informazioni utili al percorso.<br>Ha la durata di circa 60-90 minuti, si pu\u00f2 svolgere sia in presenza che online.<br>All&#8217; interno della prima visita verranno poste domande relative alla salute fisica e mentale della persona, alla relazione con il cibo, il peso e il corpo, domande sulla storia delle diete e del peso.<br>Sono utili per la prima visita tutte le informazioni riguardanti la salute fisica e mentale, quindi potrebbe essere molto utile portare con se referti medici e gli ultimi esami del sangue.<br>Durante la prima visita solitamente non vengono misurati parametri antropometrici (peso e altezza), nel caso in cui ci sia necessit\u00e0 di valutarli sar\u00e0 mia premura preparare adeguatamente il momento e motivare tale scelta.<br>Al termine della prima visita verr\u00e0 brevemente illustrato la proposta di percorso ipotizzata e successivamente consegnata o inviata per mail .<br>Nella maggior parte dei casi, alla prima visita segue un incontro gratuito a distanza di 5-8 giorni per accettare o meno l&#8217; inizio del percorso proposto .<\/p><\/div><\/div><\/div><div class=\"wp-block-uagb-faq uagb-faq__outer-wrap uagb-block-93355273 uagb-faq-icon-row uagb-faq-layout-accordion uagb-faq-expand-first-true uagb-faq-inactive-other-true uagb-faq__wrap uagb-buttons-layout-wrap uagb-faq-equal-height     \" data-faqtoggle=\"true\" role=\"tablist\"><div class=\"wp-block-uagb-faq-child uagb-faq-child__outer-wrap uagb-faq-item uagb-block-bddfff09 \" role=\"tab\" tabindex=\"0\"><div class=\"uagb-faq-questions-button uagb-faq-questions\">\t\t\t<span class=\"uagb-icon uagb-faq-icon-wrap\">\n\t\t\t\t\t\t\t\t<svg xmlns=\"https:\/\/www.w3.org\/2000\/svg\" viewBox= \"0 0 448 512\"><path d=\"M432 256c0 17.69-14.33 32.01-32 32.01H256v144c0 17.69-14.33 31.99-32 31.99s-32-14.3-32-31.99v-144H48c-17.67 0-32-14.32-32-32.01s14.33-31.99 32-31.99H192v-144c0-17.69 14.33-32.01 32-32.01s32 14.32 32 32.01v144h144C417.7 224 432 238.3 432 256z\"><\/path><\/svg>\n\t\t\t\t\t\t\t<\/span>\n\t\t\t\t\t\t<span class=\"uagb-icon-active uagb-faq-icon-wrap\">\n\t\t\t\t\t\t\t\t<svg xmlns=\"https:\/\/www.w3.org\/2000\/svg\" viewBox= \"0 0 448 512\"><path d=\"M400 288h-352c-17.69 0-32-14.32-32-32.01s14.31-31.99 32-31.99h352c17.69 0 32 14.3 32 31.99S417.7 288 400 288z\"><\/path><\/svg>\n\t\t\t\t\t\t\t<\/span>\n\t\t\t<span class=\"uagb-question\"><strong>Come posso prenotare una prima visita ?<\/strong><\/span><\/div><div class=\"uagb-faq-content\"><p>Per prenotare una prima visita <strong>online<\/strong> o in ambulatorio ad <strong>Empoli<\/strong> o a <strong>Firenze<\/strong>:<br>&#8211; attraverso <a href=\"https:\/\/calendar.app.google\/yoTg4DfGP49MY7xE6\" title=\"questa pagina\">questa pagina<\/a> prenotazione, arriver\u00e0 una mail o un messaggio di conferma 1-2 giorni prima della visita<br>&#8211; scrivendo una mail a dietistamariachiaraspinelli@gmail.com<br><br>Per prenotare una prima visita negli ambulatori di <strong>Scandicci<\/strong>, <strong>Montespertoli<\/strong> e<strong> Greve in Chianti<\/strong>:<br>&#8211; attraverso questa pagina (serve la registrazione al sito rete pas per completare la prenotazione)<br>&#8211; chiamando il numero 055711111<br>&#8211; nei punti di prenotazione retepas presenti sul territorio<\/p><\/div><\/div><\/div><div class=\"wp-block-uagb-faq uagb-faq__outer-wrap uagb-block-301af26d uagb-faq-icon-row uagb-faq-layout-accordion uagb-faq-expand-first-true uagb-faq-inactive-other-true uagb-faq__wrap uagb-buttons-layout-wrap uagb-faq-equal-height     \" data-faqtoggle=\"true\" role=\"tablist\"><div class=\"wp-block-uagb-faq-child uagb-faq-child__outer-wrap uagb-faq-item uagb-block-0f64e732 \" role=\"tab\" tabindex=\"0\"><div class=\"uagb-faq-questions-button uagb-faq-questions\">\t\t\t<span class=\"uagb-icon uagb-faq-icon-wrap\">\n\t\t\t\t\t\t\t\t<svg xmlns=\"https:\/\/www.w3.org\/2000\/svg\" viewBox= \"0 0 448 512\"><path d=\"M432 256c0 17.69-14.33 32.01-32 32.01H256v144c0 17.69-14.33 31.99-32 31.99s-32-14.3-32-31.99v-144H48c-17.67 0-32-14.32-32-32.01s14.33-31.99 32-31.99H192v-144c0-17.69 14.33-32.01 32-32.01s32 14.32 32 32.01v144h144C417.7 224 432 238.3 432 256z\"><\/path><\/svg>\n\t\t\t\t\t\t\t<\/span>\n\t\t\t\t\t\t<span class=\"uagb-icon-active uagb-faq-icon-wrap\">\n\t\t\t\t\t\t\t\t<svg xmlns=\"https:\/\/www.w3.org\/2000\/svg\" viewBox= \"0 0 448 512\"><path d=\"M400 288h-352c-17.69 0-32-14.32-32-32.01s14.31-31.99 32-31.99h352c17.69 0 32 14.3 32 31.99S417.7 288 400 288z\"><\/path><\/svg>\n\t\t\t\t\t\t\t<\/span>\n\t\t\t<span class=\"uagb-question\"><strong>perch\u00e8 parli di percorso nutrizionale?<\/strong><\/span><\/div><div class=\"uagb-faq-content\"><p>Parlo di percorso nutrizionale perch\u00e8 lavorando tramite un approccio non prescrittivo e neutro nei confronti del peso sono convinta che si genera cambiamento ( e quindi il raggiungimento degli obiettivi) attraverso il lavoro collaborativo sia durante il tempo che passiamo insieme che nel tempo a casa tra un incontro e l&#8217;altro.<br>Essendo un percorso nutrizionale non prescrittivo, la logica non \u00e8 quella di fornire una dieta o un piano da poi seguire a casa, ma di comprendere attraverso un percorso come poter fare scelte informate e consapevoli pi\u00f9 utili per migliorare la salute fisica, sociale e mentale.<br>Solitamente all&#8217; inizio del percorso fornisco il pi\u00f9 possibile una prospettiva &#8220;di massima&#8221; della struttura e della durata del percorso e della frequenza degli incontri.<\/p><\/div><\/div><div class=\"wp-block-uagb-faq-child uagb-faq-child__outer-wrap uagb-faq-item uagb-block-6c0b9f52 \" role=\"tab\" tabindex=\"0\"><div class=\"uagb-faq-questions-button uagb-faq-questions\">\t\t\t<span class=\"uagb-icon uagb-faq-icon-wrap\">\n\t\t\t\t\t\t\t\t<svg xmlns=\"https:\/\/www.w3.org\/2000\/svg\" viewBox= \"0 0 448 512\"><path d=\"M432 256c0 17.69-14.33 32.01-32 32.01H256v144c0 17.69-14.33 31.99-32 31.99s-32-14.3-32-31.99v-144H48c-17.67 0-32-14.32-32-32.01s14.33-31.99 32-31.99H192v-144c0-17.69 14.33-32.01 32-32.01s32 14.32 32 32.01v144h144C417.7 224 432 238.3 432 256z\"><\/path><\/svg>\n\t\t\t\t\t\t\t<\/span>\n\t\t\t\t\t\t<span class=\"uagb-icon-active uagb-faq-icon-wrap\">\n\t\t\t\t\t\t\t\t<svg xmlns=\"https:\/\/www.w3.org\/2000\/svg\" viewBox= \"0 0 448 512\"><path d=\"M400 288h-352c-17.69 0-32-14.32-32-32.01s14.31-31.99 32-31.99h352c17.69 0 32 14.3 32 31.99S417.7 288 400 288z\"><\/path><\/svg>\n\t\t\t\t\t\t\t<\/span>\n\t\t\t<span class=\"uagb-question\"><strong>Perch\u00e8 sono importanti gli incontri successivi ?<\/strong><\/span><\/div><div class=\"uagb-faq-content\"><p>Perch\u00e8 la prima visita da sola non basta.<br>Non basta perch\u00e8 scelgo di lavorare in un modo non prescrittivo e non direttivo e quindi alla fine della prima visita non ti troverai in mano un foglio con cosa fare e non fare che basti da solo.<br>Scelgo di far cos\u00ec perch\u00e8 la letteratura scientifica ci dice che le diete non funzionano n\u00e8 a breve termine n\u00e8 nel lungo termine.<br>Eppure nonostante questi dati siano conosciuti ormai da decenni si continua non solo a prescrivere diete, ma anche a colpevolizzare la persona, la sua forza di volont\u00e0, a far leva sull&#8217; insoddisfazione corporea.<br>Un numero sempre crescente di studi sottolinea come la dieta riduca la salute fisica e mentale e sia un importante fattore di rischio per lo svilupparsi di disturbi alimentari.<br>Inoltre aumentano le evidenze che legano la salute a abitudini positive e alla non manipolazione del peso corporeo.<\/p><\/div><\/div><\/div><div class=\"wp-block-uagb-faq uagb-faq__outer-wrap uagb-block-db4abbe6 uagb-faq-icon-row uagb-faq-layout-accordion uagb-faq-expand-first-true uagb-faq-inactive-other-true uagb-faq__wrap uagb-buttons-layout-wrap uagb-faq-equal-height     \" data-faqtoggle=\"true\" role=\"tablist\"><div class=\"wp-block-uagb-faq-child uagb-faq-child__outer-wrap uagb-faq-item uagb-block-93f3d1d4 \" role=\"tab\" tabindex=\"0\"><div class=\"uagb-faq-questions-button uagb-faq-questions\">\t\t\t<span class=\"uagb-icon uagb-faq-icon-wrap\">\n\t\t\t\t\t\t\t\t<svg xmlns=\"https:\/\/www.w3.org\/2000\/svg\" viewBox= \"0 0 448 512\"><path d=\"M432 256c0 17.69-14.33 32.01-32 32.01H256v144c0 17.69-14.33 31.99-32 31.99s-32-14.3-32-31.99v-144H48c-17.67 0-32-14.32-32-32.01s14.33-31.99 32-31.99H192v-144c0-17.69 14.33-32.01 32-32.01s32 14.32 32 32.01v144h144C417.7 224 432 238.3 432 256z\"><\/path><\/svg>\n\t\t\t\t\t\t\t<\/span>\n\t\t\t\t\t\t<span class=\"uagb-icon-active uagb-faq-icon-wrap\">\n\t\t\t\t\t\t\t\t<svg xmlns=\"https:\/\/www.w3.org\/2000\/svg\" viewBox= \"0 0 448 512\"><path d=\"M400 288h-352c-17.69 0-32-14.32-32-32.01s14.31-31.99 32-31.99h352c17.69 0 32 14.3 32 31.99S417.7 288 400 288z\"><\/path><\/svg>\n\t\t\t\t\t\t\t<\/span>\n\t\t\t<span class=\"uagb-question\"><strong>Come posso pagare?<\/strong><\/span><\/div><div class=\"uagb-faq-content\"><p>Perch\u00e8 gli incontri siano detraibili \u00e8 necessario che i pagamenti siano tracciabili quindi avvenire attraverso bonifico bancario, POS, carta di credito tramite sumup o paypal. <\/p><\/div><\/div><div class=\"wp-block-uagb-faq-child uagb-faq-child__outer-wrap uagb-faq-item uagb-block-4af573e6 \" role=\"tab\" tabindex=\"0\"><div class=\"uagb-faq-questions-button uagb-faq-questions\">\t\t\t<span class=\"uagb-icon uagb-faq-icon-wrap\">\n\t\t\t\t\t\t\t\t<svg xmlns=\"https:\/\/www.w3.org\/2000\/svg\" viewBox= \"0 0 448 512\"><path d=\"M432 256c0 17.69-14.33 32.01-32 32.01H256v144c0 17.69-14.33 31.99-32 31.99s-32-14.3-32-31.99v-144H48c-17.67 0-32-14.32-32-32.01s14.33-31.99 32-31.99H192v-144c0-17.69 14.33-32.01 32-32.01s32 14.32 32 32.01v144h144C417.7 224 432 238.3 432 256z\"><\/path><\/svg>\n\t\t\t\t\t\t\t<\/span>\n\t\t\t\t\t\t<span class=\"uagb-icon-active uagb-faq-icon-wrap\">\n\t\t\t\t\t\t\t\t<svg xmlns=\"https:\/\/www.w3.org\/2000\/svg\" viewBox= \"0 0 448 512\"><path d=\"M400 288h-352c-17.69 0-32-14.32-32-32.01s14.31-31.99 32-31.99h352c17.69 0 32 14.3 32 31.99S417.7 288 400 288z\"><\/path><\/svg>\n\t\t\t\t\t\t\t<\/span>\n\t\t\t<span class=\"uagb-question\"><strong>Perch\u00e8 parli di incontri successivi e non di visite di controllo?<\/strong><\/span><\/div><div class=\"uagb-faq-content\"><p>Nella cornice che ho scelto di utilizzare utilizzare la parola &#8220;controllo\/i&#8221; non ha senso.<br>Ci ri-incontriamo non perch\u00e8 io possa o debba controllare quello che \u00e8 successo tra un incontro e l&#8217; altro.<br>Ci incontriamo nuovamente per lavorare di nuovo insieme.<br>Tra le altre cose spesso all&#8217; interno dei percorsi il controllo \u00e8 un tema che spesso tocchiamo come un perturbatore dell&#8217; equilibrio tra la persona e cibo, peso e corpo.<\/p><\/div><\/div><div class=\"wp-block-uagb-faq-child uagb-faq-child__outer-wrap uagb-faq-item uagb-block-0cd555e9 \" role=\"tab\" tabindex=\"0\"><div class=\"uagb-faq-questions-button uagb-faq-questions\">\t\t\t<span class=\"uagb-icon uagb-faq-icon-wrap\">\n\t\t\t\t\t\t\t\t<svg xmlns=\"https:\/\/www.w3.org\/2000\/svg\" viewBox= \"0 0 448 512\"><path d=\"M432 256c0 17.69-14.33 32.01-32 32.01H256v144c0 17.69-14.33 31.99-32 31.99s-32-14.3-32-31.99v-144H48c-17.67 0-32-14.32-32-32.01s14.33-31.99 32-31.99H192v-144c0-17.69 14.33-32.01 32-32.01s32 14.32 32 32.01v144h144C417.7 224 432 238.3 432 256z\"><\/path><\/svg>\n\t\t\t\t\t\t\t<\/span>\n\t\t\t\t\t\t<span class=\"uagb-icon-active uagb-faq-icon-wrap\">\n\t\t\t\t\t\t\t\t<svg xmlns=\"https:\/\/www.w3.org\/2000\/svg\" viewBox= \"0 0 448 512\"><path d=\"M400 288h-352c-17.69 0-32-14.32-32-32.01s14.31-31.99 32-31.99h352c17.69 0 32 14.3 32 31.99S417.7 288 400 288z\"><\/path><\/svg>\n\t\t\t\t\t\t\t<\/span>\n\t\t\t<span class=\"uagb-question\"><strong>Posso contattarti tra un&#8217; incontro e l&#8217; altro? Come?<\/strong><\/span><\/div><div class=\"uagb-faq-content\"><p>All&#8217; interno del materiale fornito alla fine della prima visita ci sono tutte le modalit\u00e0 con cui \u00e8 possibile contattarmi.<br>Nello specifico preferisco moltissimo utilizzare la mail o i messaggi whatsapp rispetto alle telefonate per una questione pratica e organizzativa. Se hai bisogno per\u00f2 di contattarmi telefonicamente ti consiglio di mandarmi una mail o un messaggi cos\u00ec che possiamo accordarci.<\/p><\/div><\/div><\/div><p><\/p>","protected":false},"excerpt":{"rendered":"","protected":false},"author":1,"featured_media":0,"parent":0,"menu_order":0,"comment_status":"closed","ping_status":"closed","template":"","meta":{"om_disable_all_campaigns":false,"_uag_custom_page_level_css":"","_monsterinsights_skip_tracking":false,"_monsterinsights_sitenote_active":false,"_monsterinsights_sitenote_note":"","_monsterinsights_sitenote_category":0,"site-sidebar-layout":"default","site-content-layout":"","ast-site-content-layout":"default","site-content-style":"default","site-sidebar-style":"default","ast-global-header-display":"","ast-banner-title-visibility":"","ast-main-header-display":"","ast-hfb-above-header-display":"","ast-hfb-below-header-display":"","ast-hfb-mobile-header-display":"","site-post-title":"","ast-breadcrumbs-content":"","ast-featured-img":"","footer-sml-layout":"","theme-transparent-header-meta":"","adv-header-id-meta":"","stick-header-meta":"","header-above-stick-meta":"","header-main-stick-meta":"","header-below-stick-meta":"","astra-migrate-meta-layouts":"set","ast-page-background-enabled":"default","ast-page-background-meta":{"desktop":{"background-color":"var(--ast-global-color-4)","background-image":"","background-repeat":"repeat","background-position":"center center","background-size":"auto","background-attachment":"scroll","background-type":"","background-media":"","overlay-type":"","overlay-color":"","overlay-opacity":"","overlay-gradient":""},"tablet":{"background-color":"","background-image":"","background-repeat":"repeat","background-position":"center center","background-size":"auto","background-attachment":"scroll","background-type":"","background-media":"","overlay-type":"","overlay-color":"","overlay-opacity":"","overlay-gradient":""},"mobile":{"background-color":"","background-image":"","background-repeat":"repeat","background-position":"center center","background-size":"auto","background-attachment":"scroll","background-type":"","background-media":"","overlay-type":"","overlay-color":"","overlay-opacity":"","overlay-gradient":""}},"ast-content-background-meta":{"desktop":{"background-color":"var(--ast-global-color-5)","background-image":"","background-repeat":"repeat","background-position":"center center","background-size":"auto","background-attachment":"scroll","background-type":"","background-media":"","overlay-type":"","overlay-color":"","overlay-opacity":"","overlay-gradient":""},"tablet":{"background-color":"var(--ast-global-color-5)","background-image":"","background-repeat":"repeat","background-position":"center center","background-size":"auto","background-attachment":"scroll","background-type":"","background-media":"","overlay-type":"","overlay-color":"","overlay-opacity":"","overlay-gradient":""},"mobile":{"background-color":"var(--ast-global-color-5)","background-image":"","background-repeat":"repeat","background-position":"center center","background-size":"auto","background-attachment":"scroll","background-type":"","background-media":"","overlay-type":"","overlay-color":"","overlay-opacity":"","overlay-gradient":""}},"footnotes":""},"class_list":["post-9173","page","type-page","status-publish","hentry"],"aioseo_notices":[],"uagb_featured_image_src":{"full":false,"thumbnail":false,"medium":false,"medium_large":false,"large":false,"1536x1536":false,"2048x2048":false,"woocommerce_thumbnail":false,"woocommerce_single":false,"woocommerce_gallery_thumbnail":false},"uagb_author_info":{"display_name":"Maria Chiara Spinelli, dietista","author_link":"https:\/\/dietistamariachiaraspinelli.com\/index.php\/author\/chiara-spi96gmail-com\/"},"uagb_comment_info":0,"uagb_excerpt":null,"_links":{"self":[{"href":"https:\/\/dietistamariachiaraspinelli.com\/index.php\/wp-json\/wp\/v2\/pages\/9173"}],"collection":[{"href":"https:\/\/dietistamariachiaraspinelli.com\/index.php\/wp-json\/wp\/v2\/pages"}],"about":[{"href":"https:\/\/dietistamariachiaraspinelli.com\/index.php\/wp-json\/wp\/v2\/types\/page"}],"author":[{"embeddable":true,"href":"https:\/\/dietistamariachiaraspinelli.com\/index.php\/wp-json\/wp\/v2\/users\/1"}],"replies":[{"embeddable":true,"href":"https:\/\/dietistamariachiaraspinelli.com\/index.php\/wp-json\/wp\/v2\/comments?post=9173"}],"version-history":[{"count":10,"href":"https:\/\/dietistamariachiaraspinelli.com\/index.php\/wp-json\/wp\/v2\/pages\/9173\/revisions"}],"predecessor-version":[{"id":9363,"href":"https:\/\/dietistamariachiaraspinelli.com\/index.php\/wp-json\/wp\/v2\/pages\/9173\/revisions\/9363"}],"wp:attachment":[{"href":"https:\/\/dietistamariachiaraspinelli.com\/index.php\/wp-json\/wp\/v2\/media?parent=9173"}],"curies":[{"name":"wp","href":"https:\/\/api.w.org\/{rel}","templated":true}]}}